{"id":486,"date":"2022-07-13T14:23:16","date_gmt":"2022-07-13T13:23:16","guid":{"rendered":"https:\/\/urban1981.hu\/?page_id=486"},"modified":"2024-07-21T18:25:14","modified_gmt":"2024-07-21T18:25:14","slug":"classics-napolyik-tapertek-tablazatok","status":"publish","type":"page","link":"https:\/\/urban1981.hu\/en\/classics\/classics-napolyik-tapertek-tablazatok\/","title":{"rendered":"Classics N\u00e1polyik T\u00e1p\u00e9rt\u00e9k-t\u00e1bl\u00e1zatok"},"content":{"rendered":"","protected":false},"excerpt":{"rendered":"","protected":false},"author":1,"featured_media":0,"parent":186,"menu_order":0,"comment_status":"closed","ping_status":"closed","template":"","meta":{"footnotes":""},"class_list":["post-486","page","type-page","status-publish","hentry"],"_links":{"self":[{"href":"https:\/\/urban1981.hu\/en\/wp-json\/wp\/v2\/pages\/486","targetHints":{"allow":["GET"]}}],"collection":[{"href":"https:\/\/urban1981.hu\/en\/wp-json\/wp\/v2\/pages"}],"about":[{"href":"https:\/\/urban1981.hu\/en\/wp-json\/wp\/v2\/types\/page"}],"author":[{"embeddable":true,"href":"https:\/\/urban1981.hu\/en\/wp-json\/wp\/v2\/users\/1"}],"replies":[{"embeddable":true,"href":"https:\/\/urban1981.hu\/en\/wp-json\/wp\/v2\/comments?post=486"}],"version-history":[{"count":2,"href":"https:\/\/urban1981.hu\/en\/wp-json\/wp\/v2\/pages\/486\/revisions"}],"predecessor-version":[{"id":488,"href":"https:\/\/urban1981.hu\/en\/wp-json\/wp\/v2\/pages\/486\/revisions\/488"}],"up":[{"embeddable":true,"href":"https:\/\/urban1981.hu\/en\/wp-json\/wp\/v2\/pages\/186"}],"wp:attachment":[{"href":"https:\/\/urban1981.hu\/en\/wp-json\/wp\/v2\/media?parent=486"}],"curies":[{"name":"wp","href":"https:\/\/api.w.org\/{rel}","templated":true}]}}